{"id":2,"date":"2020-11-04T17:15:22","date_gmt":"2020-11-04T16:15:22","guid":{"rendered":"http:\/\/sekai-studio.com\/?page_id=2"},"modified":"2020-11-11T15:59:27","modified_gmt":"2020-11-11T14:59:27","slug":"sekai-studio-cest-quoi","status":"publish","type":"page","link":"https:\/\/sekai-studio.com\/index.php\/sekai-studio-cest-quoi\/","title":{"rendered":"Seka\u00ef Studio, c&rsquo;est quoi ?"},"content":{"rendered":"\n<h3><em><strong>L&rsquo;Entreprise :<\/strong><\/em><\/h3>\n\n\n\n<p>Cr\u00e9\u00e9e en <strong>2020<\/strong>, par <strong>Maxime RENAUD<\/strong>, Seka\u00ef Studio est une micro-entreprise de conceptions d&rsquo;objets et de visuels 3D. Nous pouvons concevoir pour vous de nombreuses cr\u00e9ations : <strong>meubles, assises, luminaires, ustensiles et objets de cuisines, \u00e9l\u00e9ments d\u00e9coratif, cartes de jeux, am\u00e9nagements d&rsquo;int\u00e9rieurs, etc.<\/strong><\/p>\n\n\n\n<p>L&rsquo;une des valeurs primordiales de Seka\u00ef Studio est de <strong>satisfaire enti\u00e8rement vos attentes<\/strong> : trouver les formes, mati\u00e8res et couleurs correspondant parfaitement \u00e0 votre demande.<\/p>\n\n\n\n<p class=\"has-white-color has-text-color\">.<\/p>\n\n\n\n<h3><strong><em>L&rsquo;\u00c9quipe : <\/em><\/strong><\/h3>\n\n\n\n<div class=\"wp-block-media-text alignwide is-stacked-on-mobile\" style=\"grid-template-columns:24% auto\"><figure class=\"wp-block-media-text__media\"><img loading=\"lazy\" width=\"797\" height=\"1024\" src=\"http:\/\/sekai-studio.com\/wp-content\/uploads\/2020\/11\/P1620998-FR-Passeport-35x45-mm2-797x1024.jpg\" alt=\"\" class=\"wp-image-99\" srcset=\"https:\/\/sekai-studio.com\/wp-content\/uploads\/2020\/11\/P1620998-FR-Passeport-35x45-mm2-797x1024.jpg 797w, https:\/\/sekai-studio.com\/wp-content\/uploads\/2020\/11\/P1620998-FR-Passeport-35x45-mm2-233x300.jpg 233w, https:\/\/sekai-studio.com\/wp-content\/uploads\/2020\/11\/P1620998-FR-Passeport-35x45-mm2-768x987.jpg 768w, https:\/\/sekai-studio.com\/wp-content\/uploads\/2020\/11\/P1620998-FR-Passeport-35x45-mm2-1195x1536.jpg 1195w, https:\/\/sekai-studio.com\/wp-content\/uploads\/2020\/11\/P1620998-FR-Passeport-35x45-mm2-1593x2048.jpg 1593w, https:\/\/sekai-studio.com\/wp-content\/uploads\/2020\/11\/P1620998-FR-Passeport-35x45-mm2.jpg 1601w\" sizes=\"(max-width: 797px) 100vw, 797px\" \/><\/figure><div class=\"wp-block-media-text__content\">\n<h4><strong>Maxime RENAUD<\/strong><\/h4>\n\n\n\n<p class=\"has-normal-font-size\"><strong>Maxime <\/strong>est un jeune designer ayant obtenu son Master CoDUM (Concept, Design, Usages et Modes de vie) \u00e0 l&rsquo;ISCID de Montauban (Institut Sup\u00e9rieur Couleur Image Design) en 2019.<br>Tr\u00e8s inspir\u00e9 la culture geek (films, s\u00e9ries, livres, jeux, etc.), il adore imaginer diverses cr\u00e9ations : <strong>des petits objets d\u00e9coratifs au gros meubles fonctionnels en passant par les luminaires, les cartes de jeux ou encore les bornes d&rsquo;arcades<\/strong>.<\/p>\n<\/div><\/div>\n\n\n\n<p><\/p>\n","protected":false},"excerpt":{"rendered":"<p>L&rsquo;Entreprise : Cr\u00e9\u00e9e en 2020, par Maxime RENAUD, Seka\u00ef Studio est une micro-entreprise de conceptions d&rsquo;objets et de visuels 3D. Nous pouvons concevoir pour vous de nombreuses cr\u00e9ations : meubles, assises, luminaires, ustensiles et objets de cuisines, \u00e9l\u00e9ments d\u00e9coratif, cartes de jeux, am\u00e9nagements d&rsquo;int\u00e9rieurs, etc. L&rsquo;une des valeurs primordiales de Seka\u00ef Studio est de satisfaire&hellip;<\/p>\n","protected":false},"author":1,"featured_media":0,"parent":0,"menu_order":0,"comment_status":"closed","ping_status":"closed","template":"","meta":[],"yoast_head":"<!-- This site is optimized with the Yoast SEO plugin v18.4.1 - https:\/\/yoast.com\/wordpress\/plugins\/seo\/ -->\n<title>Seka\u00ef Studio, c&#039;est quoi ? - Seka\u00ef Studio<\/title>\n<meta name=\"description\" content=\"Seka\u00ef Studio : son origine, son but, son \u00e9quipe et ses valeurs.\" \/>\n<meta name=\"robots\" content=\"index, nofollow, max-snippet:-1, max-image-preview:large, max-video-preview:-1\" \/>\n<link rel=\"canonical\" href=\"https:\/\/sekai-studio.com\/index.php\/sekai-studio-cest-quoi\/\" \/>\n<meta property=\"og:locale\" content=\"fr_FR\" \/>\n<meta property=\"og:type\" content=\"article\" \/>\n<meta property=\"og:title\" content=\"Seka\u00ef Studio, c&#039;est quoi ? - Seka\u00ef Studio\" \/>\n<meta property=\"og:description\" content=\"Seka\u00ef Studio : son origine, son but, son \u00e9quipe et ses valeurs.\" \/>\n<meta property=\"og:url\" content=\"https:\/\/sekai-studio.com\/index.php\/sekai-studio-cest-quoi\/\" \/>\n<meta property=\"og:site_name\" content=\"Seka\u00ef Studio\" \/>\n<meta property=\"article:modified_time\" content=\"2020-11-11T14:59:27+00:00\" \/>\n<meta property=\"og:image\" content=\"http:\/\/sekai-studio.com\/wp-content\/uploads\/2020\/11\/P1620998-FR-Passeport-35x45-mm2-797x1024.jpg\" \/>\n<meta name=\"twitter:card\" content=\"summary_large_image\" \/>\n<meta name=\"twitter:label1\" content=\"Dur\u00e9e de lecture estim\u00e9e\" \/>\n\t<meta name=\"twitter:data1\" content=\"1 minute\" \/>\n<script type=\"application\/ld+json\" class=\"yoast-schema-graph\">{\"@context\":\"https:\/\/schema.org\",\"@graph\":[{\"@type\":\"Organization\",\"@id\":\"https:\/\/sekai-studio.com\/#organization\",\"name\":\"Seka\u00ef Studio\",\"url\":\"https:\/\/sekai-studio.com\/\",\"sameAs\":[],\"logo\":{\"@type\":\"ImageObject\",\"@id\":\"https:\/\/sekai-studio.com\/#logo\",\"inLanguage\":\"fr-FR\",\"url\":\"https:\/\/sekai-studio.com\/wp-content\/uploads\/2020\/11\/Logo-min-r-e1604501531291.png\",\"contentUrl\":\"https:\/\/sekai-studio.com\/wp-content\/uploads\/2020\/11\/Logo-min-r-e1604501531291.png\",\"width\":40,\"height\":50,\"caption\":\"Seka\u00ef Studio\"},\"image\":{\"@id\":\"https:\/\/sekai-studio.com\/#logo\"}},{\"@type\":\"WebSite\",\"@id\":\"https:\/\/sekai-studio.com\/#website\",\"url\":\"https:\/\/sekai-studio.com\/\",\"name\":\"Seka\u00ef Studio\",\"description\":\"Concepteur Design\",\"publisher\":{\"@id\":\"https:\/\/sekai-studio.com\/#organization\"},\"potentialAction\":[{\"@type\":\"SearchAction\",\"target\":{\"@type\":\"EntryPoint\",\"urlTemplate\":\"https:\/\/sekai-studio.com\/?s={search_term_string}\"},\"query-input\":\"required name=search_term_string\"}],\"inLanguage\":\"fr-FR\"},{\"@type\":\"ImageObject\",\"@id\":\"https:\/\/sekai-studio.com\/index.php\/sekai-studio-cest-quoi\/#primaryimage\",\"inLanguage\":\"fr-FR\",\"url\":\"http:\/\/sekai-studio.com\/wp-content\/uploads\/2020\/11\/P1620998-FR-Passeport-35x45-mm2-797x1024.jpg\",\"contentUrl\":\"http:\/\/sekai-studio.com\/wp-content\/uploads\/2020\/11\/P1620998-FR-Passeport-35x45-mm2-797x1024.jpg\"},{\"@type\":\"WebPage\",\"@id\":\"https:\/\/sekai-studio.com\/index.php\/sekai-studio-cest-quoi\/#webpage\",\"url\":\"https:\/\/sekai-studio.com\/index.php\/sekai-studio-cest-quoi\/\",\"name\":\"Seka\u00ef Studio, c'est quoi ? - Seka\u00ef Studio\",\"isPartOf\":{\"@id\":\"https:\/\/sekai-studio.com\/#website\"},\"primaryImageOfPage\":{\"@id\":\"https:\/\/sekai-studio.com\/index.php\/sekai-studio-cest-quoi\/#primaryimage\"},\"datePublished\":\"2020-11-04T16:15:22+00:00\",\"dateModified\":\"2020-11-11T14:59:27+00:00\",\"description\":\"Seka\u00ef Studio : son origine, son but, son \u00e9quipe et ses valeurs.\",\"breadcrumb\":{\"@id\":\"https:\/\/sekai-studio.com\/index.php\/sekai-studio-cest-quoi\/#breadcrumb\"},\"inLanguage\":\"fr-FR\",\"potentialAction\":[{\"@type\":\"ReadAction\",\"target\":[\"https:\/\/sekai-studio.com\/index.php\/sekai-studio-cest-quoi\/\"]}]},{\"@type\":\"BreadcrumbList\",\"@id\":\"https:\/\/sekai-studio.com\/index.php\/sekai-studio-cest-quoi\/#breadcrumb\",\"itemListElement\":[{\"@type\":\"ListItem\",\"position\":1,\"name\":\"Accueil\",\"item\":\"https:\/\/sekai-studio.com\/\"},{\"@type\":\"ListItem\",\"position\":2,\"name\":\"Seka\u00ef Studio, c&rsquo;est quoi ?\"}]}]}<\/script>\n<!-- \/ Yoast SEO plugin. -->","yoast_head_json":{"title":"Seka\u00ef Studio, c'est quoi ? - Seka\u00ef Studio","description":"Seka\u00ef Studio : son origine, son but, son \u00e9quipe et ses valeurs.","robots":{"index":"index","follow":"nofollow","max-snippet":"max-snippet:-1","max-image-preview":"max-image-preview:large","max-video-preview":"max-video-preview:-1"},"canonical":"https:\/\/sekai-studio.com\/index.php\/sekai-studio-cest-quoi\/","og_locale":"fr_FR","og_type":"article","og_title":"Seka\u00ef Studio, c'est quoi ? - Seka\u00ef Studio","og_description":"Seka\u00ef Studio : son origine, son but, son \u00e9quipe et ses valeurs.","og_url":"https:\/\/sekai-studio.com\/index.php\/sekai-studio-cest-quoi\/","og_site_name":"Seka\u00ef Studio","article_modified_time":"2020-11-11T14:59:27+00:00","og_image":[{"url":"http:\/\/sekai-studio.com\/wp-content\/uploads\/2020\/11\/P1620998-FR-Passeport-35x45-mm2-797x1024.jpg"}],"twitter_card":"summary_large_image","twitter_misc":{"Dur\u00e9e de lecture estim\u00e9e":"1 minute"},"schema":{"@context":"https:\/\/schema.org","@graph":[{"@type":"Organization","@id":"https:\/\/sekai-studio.com\/#organization","name":"Seka\u00ef Studio","url":"https:\/\/sekai-studio.com\/","sameAs":[],"logo":{"@type":"ImageObject","@id":"https:\/\/sekai-studio.com\/#logo","inLanguage":"fr-FR","url":"https:\/\/sekai-studio.com\/wp-content\/uploads\/2020\/11\/Logo-min-r-e1604501531291.png","contentUrl":"https:\/\/sekai-studio.com\/wp-content\/uploads\/2020\/11\/Logo-min-r-e1604501531291.png","width":40,"height":50,"caption":"Seka\u00ef Studio"},"image":{"@id":"https:\/\/sekai-studio.com\/#logo"}},{"@type":"WebSite","@id":"https:\/\/sekai-studio.com\/#website","url":"https:\/\/sekai-studio.com\/","name":"Seka\u00ef Studio","description":"Concepteur Design","publisher":{"@id":"https:\/\/sekai-studio.com\/#organization"},"potentialAction":[{"@type":"SearchAction","target":{"@type":"EntryPoint","urlTemplate":"https:\/\/sekai-studio.com\/?s={search_term_string}"},"query-input":"required name=search_term_string"}],"inLanguage":"fr-FR"},{"@type":"ImageObject","@id":"https:\/\/sekai-studio.com\/index.php\/sekai-studio-cest-quoi\/#primaryimage","inLanguage":"fr-FR","url":"http:\/\/sekai-studio.com\/wp-content\/uploads\/2020\/11\/P1620998-FR-Passeport-35x45-mm2-797x1024.jpg","contentUrl":"http:\/\/sekai-studio.com\/wp-content\/uploads\/2020\/11\/P1620998-FR-Passeport-35x45-mm2-797x1024.jpg"},{"@type":"WebPage","@id":"https:\/\/sekai-studio.com\/index.php\/sekai-studio-cest-quoi\/#webpage","url":"https:\/\/sekai-studio.com\/index.php\/sekai-studio-cest-quoi\/","name":"Seka\u00ef Studio, c'est quoi ? - Seka\u00ef Studio","isPartOf":{"@id":"https:\/\/sekai-studio.com\/#website"},"primaryImageOfPage":{"@id":"https:\/\/sekai-studio.com\/index.php\/sekai-studio-cest-quoi\/#primaryimage"},"datePublished":"2020-11-04T16:15:22+00:00","dateModified":"2020-11-11T14:59:27+00:00","description":"Seka\u00ef Studio : son origine, son but, son \u00e9quipe et ses valeurs.","breadcrumb":{"@id":"https:\/\/sekai-studio.com\/index.php\/sekai-studio-cest-quoi\/#breadcrumb"},"inLanguage":"fr-FR","potentialAction":[{"@type":"ReadAction","target":["https:\/\/sekai-studio.com\/index.php\/sekai-studio-cest-quoi\/"]}]},{"@type":"BreadcrumbList","@id":"https:\/\/sekai-studio.com\/index.php\/sekai-studio-cest-quoi\/#breadcrumb","itemListElement":[{"@type":"ListItem","position":1,"name":"Accueil","item":"https:\/\/sekai-studio.com\/"},{"@type":"ListItem","position":2,"name":"Seka\u00ef Studio, c&rsquo;est quoi ?"}]}]}},"_links":{"self":[{"href":"https:\/\/sekai-studio.com\/index.php\/wp-json\/wp\/v2\/pages\/2"}],"collection":[{"href":"https:\/\/sekai-studio.com\/index.php\/wp-json\/wp\/v2\/pages"}],"about":[{"href":"https:\/\/sekai-studio.com\/index.php\/wp-json\/wp\/v2\/types\/page"}],"author":[{"embeddable":true,"href":"https:\/\/sekai-studio.com\/index.php\/wp-json\/wp\/v2\/users\/1"}],"replies":[{"embeddable":true,"href":"https:\/\/sekai-studio.com\/index.php\/wp-json\/wp\/v2\/comments?post=2"}],"version-history":[{"count":16,"href":"https:\/\/sekai-studio.com\/index.php\/wp-json\/wp\/v2\/pages\/2\/revisions"}],"predecessor-version":[{"id":133,"href":"https:\/\/sekai-studio.com\/index.php\/wp-json\/wp\/v2\/pages\/2\/revisions\/133"}],"wp:attachment":[{"href":"https:\/\/sekai-studio.com\/index.php\/wp-json\/wp\/v2\/media?parent=2"}],"curies":[{"name":"wp","href":"https:\/\/api.w.org\/{rel}","templated":true}]}}