{"id":40,"date":"2020-11-05T16:18:54","date_gmt":"2020-11-05T15:18:54","guid":{"rendered":"http:\/\/sekai-studio.com\/?page_id=40"},"modified":"2020-11-06T11:14:14","modified_gmt":"2020-11-06T10:14:14","slug":"mobiliers","status":"publish","type":"page","link":"https:\/\/sekai-studio.com\/index.php\/mobiliers\/","title":{"rendered":"Mobiliers"},"content":{"rendered":"\n<p>Retrouvez ici mes diff\u00e9rentes cr\u00e9ations en mobiliers (meubles, assises, etc.)<\/p>\n","protected":false},"excerpt":{"rendered":"<p>Retrouvez ici mes diff\u00e9rentes cr\u00e9ations en mobiliers (meubles, assises, etc.)<\/p>\n","protected":false},"author":1,"featured_media":0,"parent":0,"menu_order":0,"comment_status":"closed","ping_status":"closed","template":"","meta":[],"yoast_head":"<!-- This site is optimized with the Yoast SEO plugin v18.4.1 - https:\/\/yoast.com\/wordpress\/plugins\/seo\/ -->\n<title>Mobiliers - Seka\u00ef Studio<\/title>\n<meta name=\"description\" content=\"Retrouvez ici diff\u00e9rentes cr\u00e9ations en mobiliers (meubles, assises, etc.) de Sekai Studio\" \/>\n<meta name=\"robots\" content=\"index, nofollow, max-snippet:-1, max-image-preview:large, max-video-preview:-1\" \/>\n<link rel=\"canonical\" href=\"https:\/\/sekai-studio.com\/index.php\/mobiliers\/\" \/>\n<meta property=\"og:locale\" content=\"fr_FR\" \/>\n<meta property=\"og:type\" content=\"article\" \/>\n<meta property=\"og:title\" content=\"Mobiliers - Seka\u00ef Studio\" \/>\n<meta property=\"og:description\" content=\"Retrouvez ici diff\u00e9rentes cr\u00e9ations en mobiliers (meubles, assises, etc.) de Sekai Studio\" \/>\n<meta property=\"og:url\" content=\"https:\/\/sekai-studio.com\/index.php\/mobiliers\/\" \/>\n<meta property=\"og:site_name\" content=\"Seka\u00ef Studio\" \/>\n<meta property=\"article:modified_time\" content=\"2020-11-06T10:14:14+00:00\" \/>\n<meta name=\"twitter:card\" content=\"summary_large_image\" \/>\n<script type=\"application\/ld+json\" class=\"yoast-schema-graph\">{\"@context\":\"https:\/\/schema.org\",\"@graph\":[{\"@type\":\"Organization\",\"@id\":\"https:\/\/sekai-studio.com\/#organization\",\"name\":\"Seka\u00ef Studio\",\"url\":\"https:\/\/sekai-studio.com\/\",\"sameAs\":[],\"logo\":{\"@type\":\"ImageObject\",\"@id\":\"https:\/\/sekai-studio.com\/#logo\",\"inLanguage\":\"fr-FR\",\"url\":\"https:\/\/sekai-studio.com\/wp-content\/uploads\/2020\/11\/Logo-min-r-e1604501531291.png\",\"contentUrl\":\"https:\/\/sekai-studio.com\/wp-content\/uploads\/2020\/11\/Logo-min-r-e1604501531291.png\",\"width\":40,\"height\":50,\"caption\":\"Seka\u00ef Studio\"},\"image\":{\"@id\":\"https:\/\/sekai-studio.com\/#logo\"}},{\"@type\":\"WebSite\",\"@id\":\"https:\/\/sekai-studio.com\/#website\",\"url\":\"https:\/\/sekai-studio.com\/\",\"name\":\"Seka\u00ef Studio\",\"description\":\"Concepteur Design\",\"publisher\":{\"@id\":\"https:\/\/sekai-studio.com\/#organization\"},\"potentialAction\":[{\"@type\":\"SearchAction\",\"target\":{\"@type\":\"EntryPoint\",\"urlTemplate\":\"https:\/\/sekai-studio.com\/?s={search_term_string}\"},\"query-input\":\"required name=search_term_string\"}],\"inLanguage\":\"fr-FR\"},{\"@type\":\"WebPage\",\"@id\":\"https:\/\/sekai-studio.com\/index.php\/mobiliers\/#webpage\",\"url\":\"https:\/\/sekai-studio.com\/index.php\/mobiliers\/\",\"name\":\"Mobiliers - Seka\u00ef Studio\",\"isPartOf\":{\"@id\":\"https:\/\/sekai-studio.com\/#website\"},\"datePublished\":\"2020-11-05T15:18:54+00:00\",\"dateModified\":\"2020-11-06T10:14:14+00:00\",\"description\":\"Retrouvez ici diff\u00e9rentes cr\u00e9ations en mobiliers (meubles, assises, etc.) de Sekai Studio\",\"breadcrumb\":{\"@id\":\"https:\/\/sekai-studio.com\/index.php\/mobiliers\/#breadcrumb\"},\"inLanguage\":\"fr-FR\",\"potentialAction\":[{\"@type\":\"ReadAction\",\"target\":[\"https:\/\/sekai-studio.com\/index.php\/mobiliers\/\"]}]},{\"@type\":\"BreadcrumbList\",\"@id\":\"https:\/\/sekai-studio.com\/index.php\/mobiliers\/#breadcrumb\",\"itemListElement\":[{\"@type\":\"ListItem\",\"position\":1,\"name\":\"Accueil\",\"item\":\"https:\/\/sekai-studio.com\/\"},{\"@type\":\"ListItem\",\"position\":2,\"name\":\"Mobiliers\"}]}]}<\/script>\n<!-- \/ Yoast SEO plugin. -->","yoast_head_json":{"title":"Mobiliers - Seka\u00ef Studio","description":"Retrouvez ici diff\u00e9rentes cr\u00e9ations en mobiliers (meubles, assises, etc.) de Sekai Studio","robots":{"index":"index","follow":"nofollow","max-snippet":"max-snippet:-1","max-image-preview":"max-image-preview:large","max-video-preview":"max-video-preview:-1"},"canonical":"https:\/\/sekai-studio.com\/index.php\/mobiliers\/","og_locale":"fr_FR","og_type":"article","og_title":"Mobiliers - Seka\u00ef Studio","og_description":"Retrouvez ici diff\u00e9rentes cr\u00e9ations en mobiliers (meubles, assises, etc.) de Sekai Studio","og_url":"https:\/\/sekai-studio.com\/index.php\/mobiliers\/","og_site_name":"Seka\u00ef Studio","article_modified_time":"2020-11-06T10:14:14+00:00","twitter_card":"summary_large_image","schema":{"@context":"https:\/\/schema.org","@graph":[{"@type":"Organization","@id":"https:\/\/sekai-studio.com\/#organization","name":"Seka\u00ef Studio","url":"https:\/\/sekai-studio.com\/","sameAs":[],"logo":{"@type":"ImageObject","@id":"https:\/\/sekai-studio.com\/#logo","inLanguage":"fr-FR","url":"https:\/\/sekai-studio.com\/wp-content\/uploads\/2020\/11\/Logo-min-r-e1604501531291.png","contentUrl":"https:\/\/sekai-studio.com\/wp-content\/uploads\/2020\/11\/Logo-min-r-e1604501531291.png","width":40,"height":50,"caption":"Seka\u00ef Studio"},"image":{"@id":"https:\/\/sekai-studio.com\/#logo"}},{"@type":"WebSite","@id":"https:\/\/sekai-studio.com\/#website","url":"https:\/\/sekai-studio.com\/","name":"Seka\u00ef Studio","description":"Concepteur Design","publisher":{"@id":"https:\/\/sekai-studio.com\/#organization"},"potentialAction":[{"@type":"SearchAction","target":{"@type":"EntryPoint","urlTemplate":"https:\/\/sekai-studio.com\/?s={search_term_string}"},"query-input":"required name=search_term_string"}],"inLanguage":"fr-FR"},{"@type":"WebPage","@id":"https:\/\/sekai-studio.com\/index.php\/mobiliers\/#webpage","url":"https:\/\/sekai-studio.com\/index.php\/mobiliers\/","name":"Mobiliers - Seka\u00ef Studio","isPartOf":{"@id":"https:\/\/sekai-studio.com\/#website"},"datePublished":"2020-11-05T15:18:54+00:00","dateModified":"2020-11-06T10:14:14+00:00","description":"Retrouvez ici diff\u00e9rentes cr\u00e9ations en mobiliers (meubles, assises, etc.) de Sekai Studio","breadcrumb":{"@id":"https:\/\/sekai-studio.com\/index.php\/mobiliers\/#breadcrumb"},"inLanguage":"fr-FR","potentialAction":[{"@type":"ReadAction","target":["https:\/\/sekai-studio.com\/index.php\/mobiliers\/"]}]},{"@type":"BreadcrumbList","@id":"https:\/\/sekai-studio.com\/index.php\/mobiliers\/#breadcrumb","itemListElement":[{"@type":"ListItem","position":1,"name":"Accueil","item":"https:\/\/sekai-studio.com\/"},{"@type":"ListItem","position":2,"name":"Mobiliers"}]}]}},"_links":{"self":[{"href":"https:\/\/sekai-studio.com\/index.php\/wp-json\/wp\/v2\/pages\/40"}],"collection":[{"href":"https:\/\/sekai-studio.com\/index.php\/wp-json\/wp\/v2\/pages"}],"about":[{"href":"https:\/\/sekai-studio.com\/index.php\/wp-json\/wp\/v2\/types\/page"}],"author":[{"embeddable":true,"href":"https:\/\/sekai-studio.com\/index.php\/wp-json\/wp\/v2\/users\/1"}],"replies":[{"embeddable":true,"href":"https:\/\/sekai-studio.com\/index.php\/wp-json\/wp\/v2\/comments?post=40"}],"version-history":[{"count":2,"href":"https:\/\/sekai-studio.com\/index.php\/wp-json\/wp\/v2\/pages\/40\/revisions"}],"predecessor-version":[{"id":44,"href":"https:\/\/sekai-studio.com\/index.php\/wp-json\/wp\/v2\/pages\/40\/revisions\/44"}],"wp:attachment":[{"href":"https:\/\/sekai-studio.com\/index.php\/wp-json\/wp\/v2\/media?parent=40"}],"curies":[{"name":"wp","href":"https:\/\/api.w.org\/{rel}","templated":true}]}}