{"id":79,"date":"2020-11-06T17:01:29","date_gmt":"2020-11-06T16:01:29","guid":{"rendered":"http:\/\/sekai-studio.com\/?page_id=79"},"modified":"2020-11-06T17:04:17","modified_gmt":"2020-11-06T16:04:17","slug":"accueil","status":"publish","type":"page","link":"https:\/\/sekai-studio.com\/","title":{"rendered":"Actualit\u00e9s"},"content":{"rendered":"","protected":false},"excerpt":{"rendered":"","protected":false},"author":1,"featured_media":0,"parent":0,"menu_order":0,"comment_status":"closed","ping_status":"closed","template":"template-blog-list.php","meta":[],"yoast_head":"<!-- This site is optimized with the Yoast SEO plugin v18.4.1 - https:\/\/yoast.com\/wordpress\/plugins\/seo\/ -->\n<title>Seka\u00ef Studio - Concepteur Design<\/title>\n<meta name=\"description\" content=\"Conceptions d\u2019objets et de visuels 3D. Nous pouvons concevoir pour vous de nombreuses cr\u00e9ations : meubles, assises, luminaires, ustensiles et objets de cuisines, \u00e9l\u00e9ments d\u00e9coratif, cartes de jeux, am\u00e9nagements d\u2019int\u00e9rieurs, etc.\" \/>\n<meta name=\"robots\" content=\"index, follow, max-snippet:-1, max-image-preview:large, max-video-preview:-1\" \/>\n<link rel=\"canonical\" href=\"https:\/\/sekai-studio.com\/\" \/>\n<meta property=\"og:locale\" content=\"fr_FR\" \/>\n<meta property=\"og:type\" content=\"article\" \/>\n<meta property=\"og:title\" content=\"Seka\u00ef Studio - Concepteur Design\" \/>\n<meta property=\"og:description\" content=\"Conceptions d\u2019objets et de visuels 3D. Nous pouvons concevoir pour vous de nombreuses cr\u00e9ations : meubles, assises, luminaires, ustensiles et objets de cuisines, \u00e9l\u00e9ments d\u00e9coratif, cartes de jeux, am\u00e9nagements d\u2019int\u00e9rieurs, etc.\" \/>\n<meta property=\"og:url\" content=\"https:\/\/sekai-studio.com\/\" \/>\n<meta property=\"og:site_name\" content=\"Seka\u00ef Studio\" \/>\n<meta property=\"article:modified_time\" content=\"2020-11-06T16:04:17+00:00\" \/>\n<meta name=\"twitter:card\" content=\"summary_large_image\" \/>\n<script type=\"application\/ld+json\" class=\"yoast-schema-graph\">{\"@context\":\"https:\/\/schema.org\",\"@graph\":[{\"@type\":\"Organization\",\"@id\":\"https:\/\/sekai-studio.com\/#organization\",\"name\":\"Seka\u00ef Studio\",\"url\":\"https:\/\/sekai-studio.com\/\",\"sameAs\":[],\"logo\":{\"@type\":\"ImageObject\",\"@id\":\"https:\/\/sekai-studio.com\/#logo\",\"inLanguage\":\"fr-FR\",\"url\":\"https:\/\/sekai-studio.com\/wp-content\/uploads\/2020\/11\/Logo-min-r-e1604501531291.png\",\"contentUrl\":\"https:\/\/sekai-studio.com\/wp-content\/uploads\/2020\/11\/Logo-min-r-e1604501531291.png\",\"width\":40,\"height\":50,\"caption\":\"Seka\u00ef Studio\"},\"image\":{\"@id\":\"https:\/\/sekai-studio.com\/#logo\"}},{\"@type\":\"WebSite\",\"@id\":\"https:\/\/sekai-studio.com\/#website\",\"url\":\"https:\/\/sekai-studio.com\/\",\"name\":\"Seka\u00ef Studio\",\"description\":\"Concepteur Design\",\"publisher\":{\"@id\":\"https:\/\/sekai-studio.com\/#organization\"},\"potentialAction\":[{\"@type\":\"SearchAction\",\"target\":{\"@type\":\"EntryPoint\",\"urlTemplate\":\"https:\/\/sekai-studio.com\/?s={search_term_string}\"},\"query-input\":\"required name=search_term_string\"}],\"inLanguage\":\"fr-FR\"},{\"@type\":\"WebPage\",\"@id\":\"https:\/\/sekai-studio.com\/#webpage\",\"url\":\"https:\/\/sekai-studio.com\/\",\"name\":\"Seka\u00ef Studio - Concepteur Design\",\"isPartOf\":{\"@id\":\"https:\/\/sekai-studio.com\/#website\"},\"datePublished\":\"2020-11-06T16:01:29+00:00\",\"dateModified\":\"2020-11-06T16:04:17+00:00\",\"description\":\"Conceptions d\u2019objets et de visuels 3D. Nous pouvons concevoir pour vous de nombreuses cr\u00e9ations : meubles, assises, luminaires, ustensiles et objets de cuisines, \u00e9l\u00e9ments d\u00e9coratif, cartes de jeux, am\u00e9nagements d\u2019int\u00e9rieurs, etc.\",\"breadcrumb\":{\"@id\":\"https:\/\/sekai-studio.com\/#breadcrumb\"},\"inLanguage\":\"fr-FR\",\"potentialAction\":[{\"@type\":\"ReadAction\",\"target\":[\"https:\/\/sekai-studio.com\/\"]}]},{\"@type\":\"BreadcrumbList\",\"@id\":\"https:\/\/sekai-studio.com\/#breadcrumb\",\"itemListElement\":[{\"@type\":\"ListItem\",\"position\":1,\"name\":\"Accueil\",\"item\":\"https:\/\/sekai-studio.com\/\"},{\"@type\":\"ListItem\",\"position\":2,\"name\":\"Actualit\u00e9s\"}]}]}<\/script>\n<!-- \/ Yoast SEO plugin. -->","yoast_head_json":{"title":"Seka\u00ef Studio - Concepteur Design","description":"Conceptions d\u2019objets et de visuels 3D. Nous pouvons concevoir pour vous de nombreuses cr\u00e9ations : meubles, assises, luminaires, ustensiles et objets de cuisines, \u00e9l\u00e9ments d\u00e9coratif, cartes de jeux, am\u00e9nagements d\u2019int\u00e9rieurs, etc.","robots":{"index":"index","follow":"follow","max-snippet":"max-snippet:-1","max-image-preview":"max-image-preview:large","max-video-preview":"max-video-preview:-1"},"canonical":"https:\/\/sekai-studio.com\/","og_locale":"fr_FR","og_type":"article","og_title":"Seka\u00ef Studio - Concepteur Design","og_description":"Conceptions d\u2019objets et de visuels 3D. Nous pouvons concevoir pour vous de nombreuses cr\u00e9ations : meubles, assises, luminaires, ustensiles et objets de cuisines, \u00e9l\u00e9ments d\u00e9coratif, cartes de jeux, am\u00e9nagements d\u2019int\u00e9rieurs, etc.","og_url":"https:\/\/sekai-studio.com\/","og_site_name":"Seka\u00ef Studio","article_modified_time":"2020-11-06T16:04:17+00:00","twitter_card":"summary_large_image","schema":{"@context":"https:\/\/schema.org","@graph":[{"@type":"Organization","@id":"https:\/\/sekai-studio.com\/#organization","name":"Seka\u00ef Studio","url":"https:\/\/sekai-studio.com\/","sameAs":[],"logo":{"@type":"ImageObject","@id":"https:\/\/sekai-studio.com\/#logo","inLanguage":"fr-FR","url":"https:\/\/sekai-studio.com\/wp-content\/uploads\/2020\/11\/Logo-min-r-e1604501531291.png","contentUrl":"https:\/\/sekai-studio.com\/wp-content\/uploads\/2020\/11\/Logo-min-r-e1604501531291.png","width":40,"height":50,"caption":"Seka\u00ef Studio"},"image":{"@id":"https:\/\/sekai-studio.com\/#logo"}},{"@type":"WebSite","@id":"https:\/\/sekai-studio.com\/#website","url":"https:\/\/sekai-studio.com\/","name":"Seka\u00ef Studio","description":"Concepteur Design","publisher":{"@id":"https:\/\/sekai-studio.com\/#organization"},"potentialAction":[{"@type":"SearchAction","target":{"@type":"EntryPoint","urlTemplate":"https:\/\/sekai-studio.com\/?s={search_term_string}"},"query-input":"required name=search_term_string"}],"inLanguage":"fr-FR"},{"@type":"WebPage","@id":"https:\/\/sekai-studio.com\/#webpage","url":"https:\/\/sekai-studio.com\/","name":"Seka\u00ef Studio - Concepteur Design","isPartOf":{"@id":"https:\/\/sekai-studio.com\/#website"},"datePublished":"2020-11-06T16:01:29+00:00","dateModified":"2020-11-06T16:04:17+00:00","description":"Conceptions d\u2019objets et de visuels 3D. Nous pouvons concevoir pour vous de nombreuses cr\u00e9ations : meubles, assises, luminaires, ustensiles et objets de cuisines, \u00e9l\u00e9ments d\u00e9coratif, cartes de jeux, am\u00e9nagements d\u2019int\u00e9rieurs, etc.","breadcrumb":{"@id":"https:\/\/sekai-studio.com\/#breadcrumb"},"inLanguage":"fr-FR","potentialAction":[{"@type":"ReadAction","target":["https:\/\/sekai-studio.com\/"]}]},{"@type":"BreadcrumbList","@id":"https:\/\/sekai-studio.com\/#breadcrumb","itemListElement":[{"@type":"ListItem","position":1,"name":"Accueil","item":"https:\/\/sekai-studio.com\/"},{"@type":"ListItem","position":2,"name":"Actualit\u00e9s"}]}]}},"_links":{"self":[{"href":"https:\/\/sekai-studio.com\/index.php\/wp-json\/wp\/v2\/pages\/79"}],"collection":[{"href":"https:\/\/sekai-studio.com\/index.php\/wp-json\/wp\/v2\/pages"}],"about":[{"href":"https:\/\/sekai-studio.com\/index.php\/wp-json\/wp\/v2\/types\/page"}],"author":[{"embeddable":true,"href":"https:\/\/sekai-studio.com\/index.php\/wp-json\/wp\/v2\/users\/1"}],"replies":[{"embeddable":true,"href":"https:\/\/sekai-studio.com\/index.php\/wp-json\/wp\/v2\/comments?post=79"}],"version-history":[{"count":1,"href":"https:\/\/sekai-studio.com\/index.php\/wp-json\/wp\/v2\/pages\/79\/revisions"}],"predecessor-version":[{"id":80,"href":"https:\/\/sekai-studio.com\/index.php\/wp-json\/wp\/v2\/pages\/79\/revisions\/80"}],"wp:attachment":[{"href":"https:\/\/sekai-studio.com\/index.php\/wp-json\/wp\/v2\/media?parent=79"}],"curies":[{"name":"wp","href":"https:\/\/api.w.org\/{rel}","templated":true}]}}